{"id":93,"date":"2021-12-07T16:52:58","date_gmt":"2021-12-07T15:52:58","guid":{"rendered":"https:\/\/corentin0moreau.wordpress.com\/a-propos-2\/"},"modified":"2022-03-30T09:50:41","modified_gmt":"2022-03-30T07:50:41","slug":"a-propos-2","status":"publish","type":"page","link":"https:\/\/conseilconjugalbaillynoisy.fr\/index.php\/a-propos-2\/","title":{"rendered":"\u00c0 propos"},"content":{"rendered":"\n<p class=\"has-text-align-left has-white-color has-text-color\"><\/p>\n\n\n\n<p>Qualification au Conseil Conjugal et Familial par le CeFor (organisme de Formation Couples et Familles Ile de France)&nbsp;:<\/p>\n\n\n\n<ul class=\"wp-block-list\"><li>1 an de formation pour l\u2019Education \u00e0 la Vie Affective, Relationnelle et Sexuelle<\/li><li>2 ans de formation pour le Conseil Conjugal et Familial (reconnu par le Minist\u00e8re des Affaires Sociales)<\/li><li>Membres du Conseil d\u2019Administration de l\u2019association Couples et Familles des Yvelines<\/li><li>Membres de l\u2019ANCCEF (Association Nationale des Conseillers Conjugaux et Familiaux)<\/li><\/ul>\n\n\n\n<p>Supervision professionnelle. <br>Nous suivons r\u00e9guli\u00e8rement des formations sur les diff\u00e9rentes th\u00e9matiques qui touchent notre public. <\/p>\n\n\n\n<div class=\"wp-block-buttons is-layout-flex wp-block-buttons-is-layout-flex\">\n<div class=\"wp-block-button is-style-outline is-style-outline--1\"><a class=\"wp-block-button__link has-background-color has-primary-background-color has-text-color has-background\" href=\"https:\/\/conseilconjugalbaillynoisy.fr\/index.php\/pourquoi-consulter\/\" target=\"_blank\" rel=\"noreferrer noopener\">En savoir plus +<\/a><\/div>\n<\/div>\n\n\n\n<hr class=\"wp-block-separator is-style-wide\"\/>\n\n\n\n<div style=\"height:32px\" aria-hidden=\"true\" class=\"wp-block-spacer desktop-only\"><\/div>\n\n\n\n<div style=\"height:32px\" aria-hidden=\"true\" class=\"wp-block-spacer\"><\/div>\n","protected":false},"excerpt":{"rendered":"<p>Qualification au Conseil Conjugal et Familial par le CeFor (organisme de Formation Couples et Familles Ile de France)&nbsp;: 1 an de formation pour l\u2019Education \u00e0 la Vie Affective, Relationnelle et Sexuelle 2 ans de formation pour le Conseil Conjugal et Familial (reconnu par le Minist\u00e8re des Affaires Sociales) Membres du Conseil d\u2019Administration de l\u2019association Couples&hellip; <a class=\"more-link\" href=\"https:\/\/conseilconjugalbaillynoisy.fr\/index.php\/a-propos-2\/\">Poursuivre la lecture <span class=\"screen-reader-text\">\u00c0 propos<\/span><\/a><\/p>\n","protected":false},"author":1,"featured_media":0,"parent":0,"menu_order":1,"comment_status":"closed","ping_status":"closed","template":"","meta":{"footnotes":""},"class_list":["post-93","page","type-page","status-publish","hentry","entry"],"_links":{"self":[{"href":"https:\/\/conseilconjugalbaillynoisy.fr\/index.php\/wp-json\/wp\/v2\/pages\/93","targetHints":{"allow":["GET"]}}],"collection":[{"href":"https:\/\/conseilconjugalbaillynoisy.fr\/index.php\/wp-json\/wp\/v2\/pages"}],"about":[{"href":"https:\/\/conseilconjugalbaillynoisy.fr\/index.php\/wp-json\/wp\/v2\/types\/page"}],"author":[{"embeddable":true,"href":"https:\/\/conseilconjugalbaillynoisy.fr\/index.php\/wp-json\/wp\/v2\/users\/1"}],"replies":[{"embeddable":true,"href":"https:\/\/conseilconjugalbaillynoisy.fr\/index.php\/wp-json\/wp\/v2\/comments?post=93"}],"version-history":[{"count":1,"href":"https:\/\/conseilconjugalbaillynoisy.fr\/index.php\/wp-json\/wp\/v2\/pages\/93\/revisions"}],"predecessor-version":[{"id":415,"href":"https:\/\/conseilconjugalbaillynoisy.fr\/index.php\/wp-json\/wp\/v2\/pages\/93\/revisions\/415"}],"wp:attachment":[{"href":"https:\/\/conseilconjugalbaillynoisy.fr\/index.php\/wp-json\/wp\/v2\/media?parent=93"}],"curies":[{"name":"wp","href":"https:\/\/api.w.org\/{rel}","templated":true}]}}