{"id":316,"date":"2022-02-03T16:55:47","date_gmt":"2022-02-03T15:55:47","guid":{"rendered":"https:\/\/corentin0moreau.wordpress.com\/?page_id=316"},"modified":"2022-04-06T15:45:22","modified_gmt":"2022-04-06T13:45:22","slug":"axelle-de-la-bastille","status":"publish","type":"page","link":"https:\/\/conseilconjugalbaillynoisy.fr\/index.php\/axelle-de-la-bastille\/","title":{"rendered":"Axelle DE LA BASTILLE"},"content":{"rendered":"\n<div class=\"wp-block-jetpack-layout-grid alignfull column1-desktop-grid__span-6 column1-desktop-grid__row-1 column2-desktop-grid__span-6 column2-desktop-grid__start-7 column2-desktop-grid__row-1 column1-tablet-grid__span-4 column1-tablet-grid__row-1 column2-tablet-grid__span-4 column2-tablet-grid__start-5 column2-tablet-grid__row-1 column1-mobile-grid__span-4 column1-mobile-grid__row-1 column2-mobile-grid__span-4 column2-mobile-grid__row-2\">\n<div class=\"wp-block-jetpack-layout-grid-column wp-block-jetpack-layout-grid__padding-none\">\n<figure class=\"wp-block-gallery aligncenter has-nested-images columns-default is-cropped wp-block-gallery-1 is-layout-flex wp-block-gallery-is-layout-flex\">\n<figure class=\"wp-block-image size-full is-style-rounded\"><img loading=\"lazy\" decoding=\"async\" width=\"519\" height=\"731\" data-id=\"388\" src=\"https:\/\/conseilconjugalbaillynoisy.fr\/wp-content\/uploads\/2022\/03\/id-5-Axelle.jpg\" alt=\"\" class=\"wp-image-388\" srcset=\"https:\/\/conseilconjugalbaillynoisy.fr\/wp-content\/uploads\/2022\/03\/id-5-Axelle.jpg 519w, https:\/\/conseilconjugalbaillynoisy.fr\/wp-content\/uploads\/2022\/03\/id-5-Axelle-213x300.jpg 213w\" sizes=\"auto, (max-width: 519px) 100vw, 519px\" \/><\/figure>\n<\/figure>\n<\/div>\n\n\n\n<div class=\"wp-block-jetpack-layout-grid-column wp-block-jetpack-layout-grid__padding-none\">\n<h4 class=\"wp-block-heading\" id=\"block-51b4fc9e-1ff2-4195-9651-b1e9895a5cd8\">Qui suis-je ?<\/h4>\n\n\n\n<p id=\"block-51b4fc9e-1ff2-4195-9651-b1e9895a5cd8\" style=\"font-size:19px\"><br>Au cours de la vie, des \u00e9v\u00e8nements peuvent fragiliser l\u2019\u00e9quilibre que nous recherchons pour nous-m\u00eame et avec nos proches :<br>La maladie, le deuil, le d\u00e9sir d\u2019enfant, le d\u00e9crochage scolaire, la s\u00e9paration, le ch\u00f4mage&#8230;<br><br>17 ans de travail social et d\u2019investissement associatif , m\u2019ont appris que malgr\u00e9 les turbulences, il est possible d\u2019\u00eatre aux commandes de sa vie.<br>J&rsquo;ai choisi de me former au Conseil Conjugal et Familial pour proposer :<br>&#8211; une <strong>\u00e9coute <\/strong>disponible, bienveillante et attentive, sans jugement sur vos valeurs et vos croyances<br>&#8211; un <strong>espace <\/strong>n\u00e9cessaire afin de vous retrouver vous-m\u00eame, nommer et accueillir vos \u00e9motions, vos besoins, prendre des d\u00e9cisions.<\/p>\n\n\n\n<p id=\"block-51b4fc9e-1ff2-4195-9651-b1e9895a5cd8\" style=\"font-size:19px\"><br>Cette r\u00e9flexion peut intervenir \u00e0 tout \u00e2ge, quelque soit votre \u00e9tat de vie.<\/p>\n\n\n\n<p id=\"block-c67b66fa-f910-4d1a-bb67-5377963d1c51\" style=\"font-size:19px\">Lors d&rsquo;un 1er entretien, nous d\u00e9terminerons un objectif r\u00e9aliste et mesurable pour permettre une r\u00e9elle avanc\u00e9e dans votre questionnement.<\/p>\n<\/div>\n<\/div>\n\n\n\n<div class=\"wp-block-columns alignwide is-layout-flex wp-container-core-columns-is-layout-9d6595d7 wp-block-columns-is-layout-flex\">\n<div class=\"wp-block-column is-layout-flow wp-block-column-is-layout-flow\"><\/div>\n\n\n\n<div class=\"wp-block-column is-layout-flow wp-block-column-is-layout-flow\"><\/div>\n<\/div>\n","protected":false},"excerpt":{"rendered":"<p>Qui suis-je ? Au cours de la vie, des \u00e9v\u00e8nements peuvent fragiliser l\u2019\u00e9quilibre que nous recherchons pour nous-m\u00eame et avec nos proches :La maladie, le deuil, le d\u00e9sir d\u2019enfant, le d\u00e9crochage scolaire, la s\u00e9paration, le ch\u00f4mage&#8230; 17 ans de travail social et d\u2019investissement associatif , m\u2019ont appris que malgr\u00e9 les turbulences, il est possible d\u2019\u00eatre&hellip; <a class=\"more-link\" href=\"https:\/\/conseilconjugalbaillynoisy.fr\/index.php\/axelle-de-la-bastille\/\">Poursuivre la lecture <span class=\"screen-reader-text\">Axelle DE LA BASTILLE<\/span><\/a><\/p>\n","protected":false},"author":1,"featured_media":0,"parent":0,"menu_order":0,"comment_status":"closed","ping_status":"closed","template":"","meta":{"footnotes":""},"class_list":["post-316","page","type-page","status-publish","hentry","entry"],"_links":{"self":[{"href":"https:\/\/conseilconjugalbaillynoisy.fr\/index.php\/wp-json\/wp\/v2\/pages\/316","targetHints":{"allow":["GET"]}}],"collection":[{"href":"https:\/\/conseilconjugalbaillynoisy.fr\/index.php\/wp-json\/wp\/v2\/pages"}],"about":[{"href":"https:\/\/conseilconjugalbaillynoisy.fr\/index.php\/wp-json\/wp\/v2\/types\/page"}],"author":[{"embeddable":true,"href":"https:\/\/conseilconjugalbaillynoisy.fr\/index.php\/wp-json\/wp\/v2\/users\/1"}],"replies":[{"embeddable":true,"href":"https:\/\/conseilconjugalbaillynoisy.fr\/index.php\/wp-json\/wp\/v2\/comments?post=316"}],"version-history":[{"count":9,"href":"https:\/\/conseilconjugalbaillynoisy.fr\/index.php\/wp-json\/wp\/v2\/pages\/316\/revisions"}],"predecessor-version":[{"id":482,"href":"https:\/\/conseilconjugalbaillynoisy.fr\/index.php\/wp-json\/wp\/v2\/pages\/316\/revisions\/482"}],"wp:attachment":[{"href":"https:\/\/conseilconjugalbaillynoisy.fr\/index.php\/wp-json\/wp\/v2\/media?parent=316"}],"curies":[{"name":"wp","href":"https:\/\/api.w.org\/{rel}","templated":true}]}}