{"id":310,"date":"2022-02-01T09:51:11","date_gmt":"2022-02-01T08:51:11","guid":{"rendered":"https:\/\/corentin0moreau.wordpress.com\/?page_id=310"},"modified":"2022-03-30T12:04:55","modified_gmt":"2022-03-30T10:04:55","slug":"isabelle-moreau","status":"publish","type":"page","link":"https:\/\/conseilconjugalbaillynoisy.fr\/index.php\/isabelle-moreau\/","title":{"rendered":"Isabelle MOREAU"},"content":{"rendered":"\n<div class=\"wp-block-jetpack-layout-grid alignfull column1-desktop-grid__span-5 column1-desktop-grid__start-2 column1-desktop-grid__row-1 column2-desktop-grid__span-4 column2-desktop-grid__start-8 column2-desktop-grid__row-1 column1-tablet-grid__span-4 column1-tablet-grid__row-1 column2-tablet-grid__span-4 column2-tablet-grid__start-5 column2-tablet-grid__row-1 column1-mobile-grid__span-4 column1-mobile-grid__row-1 column2-mobile-grid__span-4 column2-mobile-grid__row-2\">\n<div class=\"wp-block-jetpack-layout-grid-column wp-block-jetpack-layout-grid__padding-none\">\n<h4 class=\"has-large-font-size wp-block-heading\" id=\"nom-du-projet\">Qui suis-je ? <\/h4>\n\n\n\n<p class=\"has-normal-font-size\"><br>Il y a des changements qu\u2019on d\u00e9sire, qu\u2019on attend et d\u2019autres qui nous tombent dessus. Quand la vie nous impose ces changements , on se sent souvent d\u00e9muni et seul face \u00e0 des situations qui nous d\u00e9passent. <br><strong>Ne restez pas seul\u00a0!<\/strong><br><strong><br><\/strong>J\u2019ai travaill\u00e9 pendant 20 ans dans le secteur hospitalier, en tant qu\u2019assistante m\u00e9dicale. Tout au long de ces ann\u00e9es, j\u2019ai rencontr\u00e9 des personnes et des familles en grande souffrance. J\u2019ai compris l\u2019importance pour chacun de trouver des lieux ressources pour venir exprimer leurs inqui\u00e9tudes et pouvoir mettre des mots sur leur maux.<br>J\u2019ai choisi de me former au Conseil conjugal et familial pour savoir \u00e9couter et mieux accompagner les personnes seules, les couples, les familles qui vivent des difficult\u00e9s sur le plan relationnel, affectif et sexuel.<br><br>Si vous pensez \u00eatre dans une impasse, je vous accueille avec bienveillance et respect, sans jugement.<br>Je serai \u00e0 votre \u00e9coute pour vous aidez \u00e0 mettre des mots sur vos inqui\u00e9tudes, comprendre vos besoins, clarifier votre situation, favoriser une meilleure communication avec les autres afin que vous trouviez vos propres solutions.<br><\/p>\n<\/div>\n\n\n\n<div class=\"wp-block-jetpack-layout-grid-column wp-block-jetpack-layout-grid__padding-none\">\n<div class=\"wp-block-image size-large is-style-rounded\"><figure class=\"aligncenter size-large\"><img loading=\"lazy\" decoding=\"async\" width=\"731\" height=\"1024\" src=\"https:\/\/conseilconjugalbaillynoisy.fr\/wp-content\/uploads\/2022\/03\/unnamed-731x1024.jpg\" alt=\"\" class=\"wp-image-398\" srcset=\"https:\/\/conseilconjugalbaillynoisy.fr\/wp-content\/uploads\/2022\/03\/unnamed-731x1024.jpg 731w, https:\/\/conseilconjugalbaillynoisy.fr\/wp-content\/uploads\/2022\/03\/unnamed-214x300.jpg 214w, https:\/\/conseilconjugalbaillynoisy.fr\/wp-content\/uploads\/2022\/03\/unnamed-768x1076.jpg 768w, https:\/\/conseilconjugalbaillynoisy.fr\/wp-content\/uploads\/2022\/03\/unnamed-1096x1536.jpg 1096w, https:\/\/conseilconjugalbaillynoisy.fr\/wp-content\/uploads\/2022\/03\/unnamed.jpg 1163w\" sizes=\"auto, (max-width: 731px) 100vw, 731px\" \/><\/figure><\/div>\n<\/div>\n<\/div>\n\n\n\n<div style=\"height:32px\" aria-hidden=\"true\" class=\"wp-block-spacer\"><\/div>\n","protected":false},"excerpt":{"rendered":"<p>Qui suis-je ? Il y a des changements qu\u2019on d\u00e9sire, qu\u2019on attend et d\u2019autres qui nous tombent dessus. Quand la vie nous impose ces changements , on se sent souvent d\u00e9muni et seul face \u00e0 des situations qui nous d\u00e9passent. Ne restez pas seul\u00a0!J\u2019ai travaill\u00e9 pendant 20 ans dans le secteur hospitalier, en tant qu\u2019assistante&hellip; <a class=\"more-link\" href=\"https:\/\/conseilconjugalbaillynoisy.fr\/index.php\/isabelle-moreau\/\">Poursuivre la lecture <span class=\"screen-reader-text\">Isabelle MOREAU<\/span><\/a><\/p>\n","protected":false},"author":1,"featured_media":0,"parent":0,"menu_order":0,"comment_status":"closed","ping_status":"closed","template":"","meta":{"footnotes":""},"class_list":["post-310","page","type-page","status-publish","hentry","entry"],"_links":{"self":[{"href":"https:\/\/conseilconjugalbaillynoisy.fr\/index.php\/wp-json\/wp\/v2\/pages\/310","targetHints":{"allow":["GET"]}}],"collection":[{"href":"https:\/\/conseilconjugalbaillynoisy.fr\/index.php\/wp-json\/wp\/v2\/pages"}],"about":[{"href":"https:\/\/conseilconjugalbaillynoisy.fr\/index.php\/wp-json\/wp\/v2\/types\/page"}],"author":[{"embeddable":true,"href":"https:\/\/conseilconjugalbaillynoisy.fr\/index.php\/wp-json\/wp\/v2\/users\/1"}],"replies":[{"embeddable":true,"href":"https:\/\/conseilconjugalbaillynoisy.fr\/index.php\/wp-json\/wp\/v2\/comments?post=310"}],"version-history":[{"count":4,"href":"https:\/\/conseilconjugalbaillynoisy.fr\/index.php\/wp-json\/wp\/v2\/pages\/310\/revisions"}],"predecessor-version":[{"id":453,"href":"https:\/\/conseilconjugalbaillynoisy.fr\/index.php\/wp-json\/wp\/v2\/pages\/310\/revisions\/453"}],"wp:attachment":[{"href":"https:\/\/conseilconjugalbaillynoisy.fr\/index.php\/wp-json\/wp\/v2\/media?parent=310"}],"curies":[{"name":"wp","href":"https:\/\/api.w.org\/{rel}","templated":true}]}}